{"id":1305,"date":"2023-06-05T10:05:59","date_gmt":"2023-06-05T08:05:59","guid":{"rendered":"http:\/\/serovia.pl\/polityka-plikow-cookies\/"},"modified":"2023-06-05T10:05:59","modified_gmt":"2023-06-05T08:05:59","slug":"polityka-plikow-cookies","status":"publish","type":"page","link":"https:\/\/serovia.pl\/en\/polityka-plikow-cookies\/","title":{"rendered":"Polityka plik\u00f3w &#8220;cookies&#8221;"},"content":{"rendered":"\n<p class=\"has-medium-font-size\"><strong>Polityka dotycz\u0105ca plik\u00f3w \u201ecookie\u201d\u00a0<\/strong>odnosi si\u0119 do strony internetowej sp\u00f3\u0142ki Lumiko Sp. z o.o. oraz jakichkolwiek stron internetowych, stron markowych na platformach podmiot\u00f3w trzecich (takich jak Facebook). Poprzez u\u017cywanie stron sp\u00f3\u0142ki Lumiko Sp. z o.o. wyra\u017caj\u0105 Pa\u0144stwo zgod\u0119 na u\u017cywanie plik\u00f3w \u201ecookie\u201d zgodnie z t\u0105 Polityk\u0105 dotycz\u0105c\u0105 plik\u00f3w Cookie. Je\u017celi nie zgadzaj\u0105 si\u0119 Pa\u0144stwo na u\u017cywanie przez strony internetowe sp\u00f3\u0142ki Lumiko Sp. z o.o. plik\u00f3w \u201ecookie\u201d w opisany w tej Polityce spos\u00f3b, powinni Pa\u0144stwo zmieni\u0107 ustawienia swojej przegl\u0105darki lub zrezygnowa\u0107 z u\u017cytkowania stron sp\u00f3\u0142ki Lumiko Sp. z o.o.<\/p>\n\n\n\n<div style=\"height:40px\" aria-hidden=\"true\" class=\"wp-block-spacer\"><\/div>\n\n\n\n<div class=\"wp-block-columns is-layout-flex wp-container-core-columns-is-layout-9d6595d7 wp-block-columns-is-layout-flex\">\n<div class=\"wp-block-column is-layout-flow wp-block-column-is-layout-flow\" style=\"flex-basis:33.33%\">\n<h3 class=\"wp-block-heading\">Czym s\u0105 pliki &#8220;cookies&#8221;?<\/h3>\n<\/div>\n\n\n\n<div class=\"wp-block-column is-layout-flow wp-block-column-is-layout-flow\" style=\"flex-basis:66.66%\">\n<p>Poprzez pliki &#8220;cookies&#8221; nale\u017cy rozumie\u0107 dane informatyczne, w szczeg\u00f3lno\u015bci pliki tekstowe, przechowywane w urz\u0105dzeniach ko\u0144cowych u\u017cytkownik\u00f3w przeznaczone do korzystania ze stron internetowych. Pliki te pozwalaj\u0105 rozpozna\u0107 urz\u0105dzenie u\u017cytkownika i odpowiednio wy\u015bwietli\u0107 stron\u0119 internetow\u0105 dostosowan\u0105 do jego indywidualnych preferencji. &#8220;Cookies&#8221; zazwyczaj zawieraj\u0105 nazw\u0119 strony internetowej z kt\u00f3rej pochodz\u0105, czas przechowywania ich na urz\u0105dzeniu ko\u0144cowym oraz unikalny numer.<\/p>\n<\/div>\n<\/div>\n\n\n\n<div class=\"wp-block-columns is-layout-flex wp-container-core-columns-is-layout-9d6595d7 wp-block-columns-is-layout-flex\">\n<div class=\"wp-block-column is-layout-flow wp-block-column-is-layout-flow\" style=\"flex-basis:33.33%\">\n<h3 class=\"wp-block-heading\">Do czego u\u017cywamy plik\u00f3w &#8220;cookies&#8221;?<\/h3>\n<\/div>\n\n\n\n<div class=\"wp-block-column is-layout-flow wp-block-column-is-layout-flow\" style=\"flex-basis:66.66%\">\n<p>Pliki &#8220;cookies&#8221; u\u017cywane s\u0105 w celu dostosowania zawarto\u015bci stron internetowych do preferencji u\u017cytkownika oraz optymalizacji korzystania ze stron internetowych. U\u017cywane s\u0105 r\u00f3wnie\u017c w celu tworzenia anonimowych, zagregowanych statystyk, kt\u00f3re pomagaj\u0105 zrozumie\u0107 w jaki spos\u00f3b u\u017cytkownik korzysta ze stron internetowych co umo\u017cliwia ulepszanie ich struktury i zawarto\u015bci, z wy\u0142\u0105czeniem personalnej identyfikacji u\u017cytkownika.<\/p>\n<\/div>\n<\/div>\n\n\n\n<div class=\"wp-block-columns is-layout-flex wp-container-core-columns-is-layout-9d6595d7 wp-block-columns-is-layout-flex\">\n<div class=\"wp-block-column is-layout-flow wp-block-column-is-layout-flow\" style=\"flex-basis:33.33%\">\n<h3 class=\"wp-block-heading\">Jakich plik\u00f3w &#8220;cookies&#8221; u\u017cywamy?<\/h3>\n<\/div>\n\n\n\n<div class=\"wp-block-column is-layout-flow wp-block-column-is-layout-flow\" style=\"flex-basis:66.66%\">\n<p>Stosowane s\u0105 dwa rodzaje plik\u00f3w &#8220;cookies&#8221;\u2013 &#8220;sesyjne&#8221; oraz &#8220;sta\u0142e&#8221;. Pierwsze z nich s\u0105 plikami tymczasowymi, kt\u00f3re pozostaj\u0105 na urz\u0105dzeniu u\u017cytkownika, a\u017c do wylogowania ze strony internetowej lub wy\u0142\u0105czenia oprogramowania (przegl\u0105darki internetowej). &#8220;Sta\u0142e&#8221; pliki pozostaj\u0105 na urz\u0105dzeniu u\u017cytkownika przez czas okre\u015blony w parametrach plik\u00f3w &#8220;cookies&#8221; albo do momentu ich r\u0119cznego usuni\u0119cia przez u\u017cytkownika.<\/p>\n<\/div>\n<\/div>\n\n\n\n<div class=\"wp-block-columns is-layout-flex wp-container-core-columns-is-layout-9d6595d7 wp-block-columns-is-layout-flex\">\n<div class=\"wp-block-column is-layout-flow wp-block-column-is-layout-flow\" style=\"flex-basis:33.33%\">\n<h3 class=\"wp-block-heading\">Czy pliki &#8220;cookies&#8221; zawieraj\u0105 dane osobowe<\/h3>\n<\/div>\n\n\n\n<div class=\"wp-block-column is-layout-flow wp-block-column-is-layout-flow\" style=\"flex-basis:66.66%\">\n<p>Dane osobowe gromadzone przy u\u017cyciu plik\u00f3w &#8220;cookies&#8221; mog\u0105 by\u0107 zbierane wy\u0142\u0105cznie w celu wykonywania okre\u015blonych funkcji na rzecz u\u017cytkownika. Takie dane s\u0105 zaszyfrowane w spos\u00f3b uniemo\u017cliwiaj\u0105cy dost\u0119p do nich osobom nieuprawnionym. Usuwanie plik\u00f3w &#8220;cookies&#8221;.<br><\/p>\n\n\n\n<p>Standardowo oprogramowanie s\u0142u\u017c\u0105ce do przegl\u0105dania stron internetowych domy\u015blnie dopuszcza umieszczanie plik\u00f3w &#8220;cookies&#8221; na urz\u0105dzeniu ko\u0144cowym. Ustawienia te mog\u0105 zosta\u0107 zmienione w taki spos\u00f3b, aby blokowa\u0107 automatyczn\u0105 obs\u0142ug\u0119 plik\u00f3w &#8220;cookies&#8221; w ustawieniach przegl\u0105darki internetowej b\u0105d\u017a informowa\u0107 o ich ka\u017cdorazowym przes\u0142aniu na urz\u0105dzenie u\u017cytkownika. Szczeg\u00f3\u0142owe informacje o mo\u017cliwo\u015bci i sposobach obs\u0142ugi plik\u00f3w &#8220;cookies&#8221; dost\u0119pne s\u0105 w ustawieniach oprogramowania (przegl\u0105darki internetowej). Ograniczenie stosowania plik\u00f3w &#8220;cookies&#8221;, mo\u017ce wp\u0142yn\u0105\u0107 na niekt\u00f3re funkcjonalno\u015bci dost\u0119pne na stronie internetowej.<\/p>\n<\/div>\n<\/div>\n","protected":false},"excerpt":{"rendered":"<p>Polityka dotycz\u0105ca plik\u00f3w \u201ecookie\u201d\u00a0odnosi si\u0119 do strony internetowej sp\u00f3\u0142ki Lumiko Sp. z o.o. oraz jakichkolwiek stron internetowych, stron markowych na platformach podmiot\u00f3w trzecich (takich jak Facebook). Poprzez u\u017cywanie stron sp\u00f3\u0142ki Lumiko Sp. z o.o. wyra\u017caj\u0105 Pa\u0144stwo zgod\u0119 na u\u017cywanie plik\u00f3w \u201ecookie\u201d zgodnie z t\u0105 Polityk\u0105 dotycz\u0105c\u0105 plik\u00f3w Cookie. Je\u017celi nie zgadzaj\u0105 si\u0119 Pa\u0144stwo na u\u017cywanie [&hellip;]<\/p>\n","protected":false},"author":3,"featured_media":0,"parent":0,"menu_order":0,"comment_status":"closed","ping_status":"closed","template":"","meta":{"inline_featured_image":false,"footnotes":""},"class_list":["post-1305","page","type-page","status-publish","hentry"],"acf":[],"yoast_head":"<!-- This site is optimized with the Yoast SEO plugin v20.12 - https:\/\/yoast.com\/wordpress\/plugins\/seo\/ -->\n<title>Polityka plik\u00f3w &quot;cookies&quot; - Serovia<\/title>\n<meta name=\"robots\" content=\"index, follow, max-snippet:-1, max-image-preview:large, max-video-preview:-1\" \/>\n<link rel=\"canonical\" href=\"https:\/\/serovia.pl\/polityka-plikow-cookies\/\" \/>\n<meta property=\"og:locale\" content=\"en_US\" \/>\n<meta property=\"og:type\" content=\"article\" \/>\n<meta property=\"og:title\" content=\"Polityka plik\u00f3w &quot;cookies&quot; - Serovia\" \/>\n<meta property=\"og:description\" content=\"Polityka dotycz\u0105ca plik\u00f3w \u201ecookie\u201d\u00a0odnosi si\u0119 do strony internetowej sp\u00f3\u0142ki Lumiko Sp. z o.o. oraz jakichkolwiek stron internetowych, stron markowych na platformach podmiot\u00f3w trzecich (takich jak Facebook). Poprzez u\u017cywanie stron sp\u00f3\u0142ki Lumiko Sp. z o.o. wyra\u017caj\u0105 Pa\u0144stwo zgod\u0119 na u\u017cywanie plik\u00f3w \u201ecookie\u201d zgodnie z t\u0105 Polityk\u0105 dotycz\u0105c\u0105 plik\u00f3w Cookie. Je\u017celi nie zgadzaj\u0105 si\u0119 Pa\u0144stwo na u\u017cywanie [&hellip;]\" \/>\n<meta property=\"og:url\" content=\"https:\/\/serovia.pl\/polityka-plikow-cookies\/\" \/>\n<meta property=\"og:site_name\" content=\"Serovia\" \/>\n<meta property=\"article:publisher\" content=\"https:\/\/www.facebook.com\/Seroviapl\" \/>\n<meta name=\"twitter:card\" content=\"summary_large_image\" \/>\n<meta name=\"twitter:label1\" content=\"Est. reading time\" \/>\n\t<meta name=\"twitter:data1\" content=\"3 minutes\" \/>\n<script type=\"application\/ld+json\" class=\"yoast-schema-graph\">{\"@context\":\"https:\/\/schema.org\",\"@graph\":[{\"@type\":\"WebPage\",\"@id\":\"https:\/\/serovia.pl\/polityka-plikow-cookies\/\",\"url\":\"https:\/\/serovia.pl\/polityka-plikow-cookies\/\",\"name\":\"Polityka plik\u00f3w \\\"cookies\\\" - Serovia\",\"isPartOf\":{\"@id\":\"https:\/\/serovia.pl\/#website\"},\"datePublished\":\"2023-06-05T08:05:59+00:00\",\"dateModified\":\"2023-06-05T08:05:59+00:00\",\"breadcrumb\":{\"@id\":\"https:\/\/serovia.pl\/polityka-plikow-cookies\/#breadcrumb\"},\"inLanguage\":\"en-US\",\"potentialAction\":[{\"@type\":\"ReadAction\",\"target\":[\"https:\/\/serovia.pl\/polityka-plikow-cookies\/\"]}]},{\"@type\":\"BreadcrumbList\",\"@id\":\"https:\/\/serovia.pl\/polityka-plikow-cookies\/#breadcrumb\",\"itemListElement\":[{\"@type\":\"ListItem\",\"position\":1,\"name\":\"Strona g\u0142\u00f3wna\",\"item\":\"https:\/\/serovia.pl\/en\/\"},{\"@type\":\"ListItem\",\"position\":2,\"name\":\"Polityka plik\u00f3w &#8222;cookies&#8221;\"}]},{\"@type\":\"WebSite\",\"@id\":\"https:\/\/serovia.pl\/#website\",\"url\":\"https:\/\/serovia.pl\/\",\"name\":\"Serovia\",\"description\":\"Kunszt tworzenia ser\u00f3w\",\"potentialAction\":[{\"@type\":\"SearchAction\",\"target\":{\"@type\":\"EntryPoint\",\"urlTemplate\":\"https:\/\/serovia.pl\/?s={search_term_string}\"},\"query-input\":\"required name=search_term_string\"}],\"inLanguage\":\"en-US\"}]}<\/script>\n<!-- \/ Yoast SEO plugin. -->","yoast_head_json":{"title":"Polityka plik\u00f3w \"cookies\" - Serovia","robots":{"index":"index","follow":"follow","max-snippet":"max-snippet:-1","max-image-preview":"max-image-preview:large","max-video-preview":"max-video-preview:-1"},"canonical":"https:\/\/serovia.pl\/polityka-plikow-cookies\/","og_locale":"en_US","og_type":"article","og_title":"Polityka plik\u00f3w \"cookies\" - Serovia","og_description":"Polityka dotycz\u0105ca plik\u00f3w \u201ecookie\u201d\u00a0odnosi si\u0119 do strony internetowej sp\u00f3\u0142ki Lumiko Sp. z o.o. oraz jakichkolwiek stron internetowych, stron markowych na platformach podmiot\u00f3w trzecich (takich jak Facebook). Poprzez u\u017cywanie stron sp\u00f3\u0142ki Lumiko Sp. z o.o. wyra\u017caj\u0105 Pa\u0144stwo zgod\u0119 na u\u017cywanie plik\u00f3w \u201ecookie\u201d zgodnie z t\u0105 Polityk\u0105 dotycz\u0105c\u0105 plik\u00f3w Cookie. Je\u017celi nie zgadzaj\u0105 si\u0119 Pa\u0144stwo na u\u017cywanie [&hellip;]","og_url":"https:\/\/serovia.pl\/polityka-plikow-cookies\/","og_site_name":"Serovia","article_publisher":"https:\/\/www.facebook.com\/Seroviapl","twitter_card":"summary_large_image","twitter_misc":{"Est. reading time":"3 minutes"},"schema":{"@context":"https:\/\/schema.org","@graph":[{"@type":"WebPage","@id":"https:\/\/serovia.pl\/polityka-plikow-cookies\/","url":"https:\/\/serovia.pl\/polityka-plikow-cookies\/","name":"Polityka plik\u00f3w \"cookies\" - Serovia","isPartOf":{"@id":"https:\/\/serovia.pl\/#website"},"datePublished":"2023-06-05T08:05:59+00:00","dateModified":"2023-06-05T08:05:59+00:00","breadcrumb":{"@id":"https:\/\/serovia.pl\/polityka-plikow-cookies\/#breadcrumb"},"inLanguage":"en-US","potentialAction":[{"@type":"ReadAction","target":["https:\/\/serovia.pl\/polityka-plikow-cookies\/"]}]},{"@type":"BreadcrumbList","@id":"https:\/\/serovia.pl\/polityka-plikow-cookies\/#breadcrumb","itemListElement":[{"@type":"ListItem","position":1,"name":"Strona g\u0142\u00f3wna","item":"https:\/\/serovia.pl\/en\/"},{"@type":"ListItem","position":2,"name":"Polityka plik\u00f3w &#8222;cookies&#8221;"}]},{"@type":"WebSite","@id":"https:\/\/serovia.pl\/#website","url":"https:\/\/serovia.pl\/","name":"Serovia","description":"Kunszt tworzenia ser\u00f3w","potentialAction":[{"@type":"SearchAction","target":{"@type":"EntryPoint","urlTemplate":"https:\/\/serovia.pl\/?s={search_term_string}"},"query-input":"required name=search_term_string"}],"inLanguage":"en-US"}]}},"_links":{"self":[{"href":"https:\/\/serovia.pl\/en\/wp-json\/wp\/v2\/pages\/1305","targetHints":{"allow":["GET"]}}],"collection":[{"href":"https:\/\/serovia.pl\/en\/wp-json\/wp\/v2\/pages"}],"about":[{"href":"https:\/\/serovia.pl\/en\/wp-json\/wp\/v2\/types\/page"}],"author":[{"embeddable":true,"href":"https:\/\/serovia.pl\/en\/wp-json\/wp\/v2\/users\/3"}],"replies":[{"embeddable":true,"href":"https:\/\/serovia.pl\/en\/wp-json\/wp\/v2\/comments?post=1305"}],"version-history":[{"count":0,"href":"https:\/\/serovia.pl\/en\/wp-json\/wp\/v2\/pages\/1305\/revisions"}],"wp:attachment":[{"href":"https:\/\/serovia.pl\/en\/wp-json\/wp\/v2\/media?parent=1305"}],"curies":[{"name":"wp","href":"https:\/\/api.w.org\/{rel}","templated":true}]}}